{"id":856,"date":"2016-04-08T23:50:57","date_gmt":"2016-04-08T23:50:57","guid":{"rendered":"http:\/\/irp8.org.br\/revistarepublica\/?page_id=856"},"modified":"2024-11-29T11:58:20","modified_gmt":"2024-11-29T11:58:20","slug":"contatos","status":"publish","type":"page","link":"https:\/\/irp8.org.br\/revistarepublica\/contatos\/","title":{"rendered":"Contatos"},"content":{"rendered":"<p style=\"text-align: center;\"><strong><img loading=\"lazy\" src=\"http:\/\/irp8.org.br\/revistarepublica\/wp-content\/uploads\/2016\/04\/phone.png\" alt=\"\" width=\"12\" height=\"12\" \/> WhatsApp: +55 <strong>11-99197.5951<\/strong><\/strong><strong><br \/>\n<\/strong>\u00a0<img loading=\"lazy\" src=\"http:\/\/irp8.org.br\/revistarepublica\/wp-content\/uploads\/2016\/04\/icon_email.png\" alt=\"\" width=\"12\" height=\"12\" \/>\u00a0<a href=\"mailto:contato@irp8.org.br\" target=\"_blank\" rel=\"noopener noreferrer\"><strong>contato@irp8.org.br<\/strong><\/a><a title=\"Contato\" href=\"mailto:contato@revistarepublica.com.br\" target=\"_blank\" rel=\"noopener noreferrer\"><br \/>\n<\/a><\/p>\n<hr \/>\n<p style=\"text-align: center;\"><strong><span class=\"has-inline-color has-luminous-vivid-orange-color\">Revista Rep\u00fablica \u00e9 produto da Associa\u00e7\u00e3o de comunica\u00e7\u00e3o e tecnologia da informa\u00e7\u00e3o.\u00a0<a href=\"http:\/\/www.irp8.org.br\/\" target=\"_blank\" rel=\"noopener noreferrer\">Instituto RP8<\/a>.<\/span><\/strong><\/p>\n<p style=\"text-align: center;\"><strong>Contratando nossos servi\u00e7os, voc\u00ea colabora com o\u00a0<\/strong><a href=\"https:\/\/irp8.org.br\/home\/projetos\/neto-legal\/\" target=\"_blank\" rel=\"noreferrer noopener\"><strong>Projeto Neto Legal<\/strong>.<\/a><strong>\u00a0<span class=\"has-inline-color has-luminous-vivid-orange-color\">Envolva-se!<\/span><\/strong><\/p>\n<p style=\"text-align: center;\">\u201c<strong>Respaldado pela Al\u00ednea \u201cC\u201d do Inciso VI do Artigo 150 da Constitui\u00e7\u00e3o Federal de 1988, O IRP8 \u00e9 isento de pagamentos de tributos ao emitir nota fiscal.<\/strong>\u201c<\/p>\n<p style=\"text-align: center;\"><img loading=\"lazy\" class=\"aligncenter wp-image-2769\" src=\"https:\/\/irp8.org.br\/revistarepublica\/wp-content\/uploads\/2021\/02\/barra-300x6.jpg\" sizes=\"(max-width: 1280px) 100vw, 1280px\" srcset=\"https:\/\/irp8.org.br\/revistarepublica\/wp-content\/uploads\/2021\/02\/barra-300x6.jpg 300w, https:\/\/irp8.org.br\/revistarepublica\/wp-content\/uploads\/2021\/02\/barra-768x15.jpg 768w, https:\/\/irp8.org.br\/revistarepublica\/wp-content\/uploads\/2021\/02\/barra-750x16.jpg 750w, https:\/\/irp8.org.br\/revistarepublica\/wp-content\/uploads\/2021\/02\/barra.jpg 799w\" alt=\"\" width=\"1280\" height=\"26\" \/><span style=\"color: #3366ff; font-size: 20px;\"><strong>RP8 \u2013 Instituto de Comunica\u00e7\u00e3o e Tecnologia da informa\u00e7\u00e3o<br \/>\n<\/strong>Compartilhando conhecimento e unindo pessoas<\/span><\/p>\n<p><!-- \/wp:paragraph --><\/p>\n","protected":false},"excerpt":{"rendered":"<p>WhatsApp: +55 11-99197.5951 \u00a0\u00a0contato@irp8.org.br Revista Rep\u00fablica \u00e9 produto da Associa\u00e7\u00e3o de comunica\u00e7\u00e3o e tecnologia da informa\u00e7\u00e3o.\u00a0Instituto RP8. Contratando nossos servi\u00e7os, voc\u00ea colabora com o\u00a0Projeto Neto &#8230;<\/p>\n","protected":false},"author":1,"featured_media":0,"parent":0,"menu_order":0,"comment_status":"closed","ping_status":"closed","template":"","meta":[],"yoast_head":"<!-- This site is optimized with the Yoast SEO plugin v17.2 - https:\/\/yoast.com\/wordpress\/plugins\/seo\/ -->\n<meta name=\"robots\" content=\"index, follow, max-snippet:-1, max-image-preview:large, max-video-preview:-1\" \/>\n<link rel=\"canonical\" href=\"https:\/\/irp8.org.br\/revistarepublica\/contatos\/\" \/>\n<meta property=\"og:locale\" content=\"pt_BR\" \/>\n<meta property=\"og:type\" content=\"article\" \/>\n<meta property=\"og:title\" content=\"Contatos - Portal Revista Republica\" \/>\n<meta property=\"og:description\" content=\"WhatsApp: +55 11-99197.5951 \u00a0\u00a0contato@irp8.org.br Revista Rep\u00fablica \u00e9 produto da Associa\u00e7\u00e3o de comunica\u00e7\u00e3o e tecnologia da informa\u00e7\u00e3o.\u00a0Instituto RP8. Contratando nossos servi\u00e7os, voc\u00ea colabora com o\u00a0Projeto Neto ...\" \/>\n<meta property=\"og:url\" content=\"https:\/\/irp8.org.br\/revistarepublica\/contatos\/\" \/>\n<meta property=\"og:site_name\" content=\"Portal Revista Republica\" \/>\n<meta property=\"article:publisher\" content=\"https:\/\/www.facebook.com\/tvrepublicaerevistarepublica\" \/>\n<meta property=\"article:modified_time\" content=\"2024-11-29T11:58:20+00:00\" \/>\n<meta property=\"og:image\" content=\"http:\/\/irp8.org.br\/revistarepublica\/wp-content\/uploads\/2016\/04\/phone.png\" \/>\n<meta name=\"twitter:card\" content=\"summary\" \/>\n<meta name=\"twitter:site\" content=\"@TVRevistaRepbl1\" \/>\n<meta name=\"twitter:label1\" content=\"Est. tempo de leitura\" \/>\n\t<meta name=\"twitter:data1\" content=\"1 minuto\" \/>\n<script type=\"application\/ld+json\" class=\"yoast-schema-graph\">{\"@context\":\"https:\/\/schema.org\",\"@graph\":[{\"@type\":\"Organization\",\"@id\":\"https:\/\/irp8.org.br\/revistarepublica\/#organization\",\"name\":\"Revista Rep\\u00fablica\",\"url\":\"https:\/\/irp8.org.br\/revistarepublica\/\",\"sameAs\":[\"https:\/\/www.facebook.com\/tvrepublicaerevistarepublica\",\"https:\/\/www.instagram.com\/tverevistarepublica\/\",\"https:\/\/www.linkedin.com\/in\/tv-e-revista-rep\\u00fablica-01167857\/\",\"https:\/\/www.youtube.com\/channel\/UCLVU-qsW_mLpLTdVGZE-baA?view_as=subscriber\",\"https:\/\/twitter.com\/TVRevistaRepbl1\"],\"logo\":{\"@type\":\"ImageObject\",\"@id\":\"https:\/\/irp8.org.br\/revistarepublica\/#logo\",\"inLanguage\":\"pt-BR\",\"url\":\"https:\/\/irp8.org.br\/revistarepublica\/wp-content\/uploads\/2016\/04\/logo_site-1.png\",\"contentUrl\":\"https:\/\/irp8.org.br\/revistarepublica\/wp-content\/uploads\/2016\/04\/logo_site-1.png\",\"width\":271,\"height\":105,\"caption\":\"Revista Rep\\u00fablica\"},\"image\":{\"@id\":\"https:\/\/irp8.org.br\/revistarepublica\/#logo\"}},{\"@type\":\"WebSite\",\"@id\":\"https:\/\/irp8.org.br\/revistarepublica\/#website\",\"url\":\"https:\/\/irp8.org.br\/revistarepublica\/\",\"name\":\"Portal Revista Republica\",\"description\":\"\",\"publisher\":{\"@id\":\"https:\/\/irp8.org.br\/revistarepublica\/#organization\"},\"potentialAction\":[{\"@type\":\"SearchAction\",\"target\":{\"@type\":\"EntryPoint\",\"urlTemplate\":\"https:\/\/irp8.org.br\/revistarepublica\/?s={search_term_string}\"},\"query-input\":\"required name=search_term_string\"}],\"inLanguage\":\"pt-BR\"},{\"@type\":\"ImageObject\",\"@id\":\"https:\/\/irp8.org.br\/revistarepublica\/contatos\/#primaryimage\",\"inLanguage\":\"pt-BR\",\"url\":\"http:\/\/irp8.org.br\/revistarepublica\/wp-content\/uploads\/2016\/04\/phone.png\",\"contentUrl\":\"http:\/\/irp8.org.br\/revistarepublica\/wp-content\/uploads\/2016\/04\/phone.png\"},{\"@type\":\"WebPage\",\"@id\":\"https:\/\/irp8.org.br\/revistarepublica\/contatos\/#webpage\",\"url\":\"https:\/\/irp8.org.br\/revistarepublica\/contatos\/\",\"name\":\"Contatos - Portal Revista Republica\",\"isPartOf\":{\"@id\":\"https:\/\/irp8.org.br\/revistarepublica\/#website\"},\"primaryImageOfPage\":{\"@id\":\"https:\/\/irp8.org.br\/revistarepublica\/contatos\/#primaryimage\"},\"datePublished\":\"2016-04-08T23:50:57+00:00\",\"dateModified\":\"2024-11-29T11:58:20+00:00\",\"breadcrumb\":{\"@id\":\"https:\/\/irp8.org.br\/revistarepublica\/contatos\/#breadcrumb\"},\"inLanguage\":\"pt-BR\",\"potentialAction\":[{\"@type\":\"ReadAction\",\"target\":[\"https:\/\/irp8.org.br\/revistarepublica\/contatos\/\"]}]},{\"@type\":\"BreadcrumbList\",\"@id\":\"https:\/\/irp8.org.br\/revistarepublica\/contatos\/#breadcrumb\",\"itemListElement\":[{\"@type\":\"ListItem\",\"position\":1,\"name\":\"In\\u00edcio\",\"item\":\"https:\/\/irp8.org.br\/revistarepublica\/\"},{\"@type\":\"ListItem\",\"position\":2,\"name\":\"Contatos\"}]}]}<\/script>\n<!-- \/ Yoast SEO plugin. -->","yoast_head_json":{"robots":{"index":"index","follow":"follow","max-snippet":"max-snippet:-1","max-image-preview":"max-image-preview:large","max-video-preview":"max-video-preview:-1"},"canonical":"https:\/\/irp8.org.br\/revistarepublica\/contatos\/","og_locale":"pt_BR","og_type":"article","og_title":"Contatos - Portal Revista Republica","og_description":"WhatsApp: +55 11-99197.5951 \u00a0\u00a0contato@irp8.org.br Revista Rep\u00fablica \u00e9 produto da Associa\u00e7\u00e3o de comunica\u00e7\u00e3o e tecnologia da informa\u00e7\u00e3o.\u00a0Instituto RP8. Contratando nossos servi\u00e7os, voc\u00ea colabora com o\u00a0Projeto Neto ...","og_url":"https:\/\/irp8.org.br\/revistarepublica\/contatos\/","og_site_name":"Portal Revista Republica","article_publisher":"https:\/\/www.facebook.com\/tvrepublicaerevistarepublica","article_modified_time":"2024-11-29T11:58:20+00:00","og_image":[{"url":"http:\/\/irp8.org.br\/revistarepublica\/wp-content\/uploads\/2016\/04\/phone.png"}],"twitter_card":"summary","twitter_site":"@TVRevistaRepbl1","twitter_misc":{"Est. tempo de leitura":"1 minuto"},"schema":{"@context":"https:\/\/schema.org","@graph":[{"@type":"Organization","@id":"https:\/\/irp8.org.br\/revistarepublica\/#organization","name":"Revista Rep\u00fablica","url":"https:\/\/irp8.org.br\/revistarepublica\/","sameAs":["https:\/\/www.facebook.com\/tvrepublicaerevistarepublica","https:\/\/www.instagram.com\/tverevistarepublica\/","https:\/\/www.linkedin.com\/in\/tv-e-revista-rep\u00fablica-01167857\/","https:\/\/www.youtube.com\/channel\/UCLVU-qsW_mLpLTdVGZE-baA?view_as=subscriber","https:\/\/twitter.com\/TVRevistaRepbl1"],"logo":{"@type":"ImageObject","@id":"https:\/\/irp8.org.br\/revistarepublica\/#logo","inLanguage":"pt-BR","url":"https:\/\/irp8.org.br\/revistarepublica\/wp-content\/uploads\/2016\/04\/logo_site-1.png","contentUrl":"https:\/\/irp8.org.br\/revistarepublica\/wp-content\/uploads\/2016\/04\/logo_site-1.png","width":271,"height":105,"caption":"Revista Rep\u00fablica"},"image":{"@id":"https:\/\/irp8.org.br\/revistarepublica\/#logo"}},{"@type":"WebSite","@id":"https:\/\/irp8.org.br\/revistarepublica\/#website","url":"https:\/\/irp8.org.br\/revistarepublica\/","name":"Portal Revista Republica","description":"","publisher":{"@id":"https:\/\/irp8.org.br\/revistarepublica\/#organization"},"potentialAction":[{"@type":"SearchAction","target":{"@type":"EntryPoint","urlTemplate":"https:\/\/irp8.org.br\/revistarepublica\/?s={search_term_string}"},"query-input":"required name=search_term_string"}],"inLanguage":"pt-BR"},{"@type":"ImageObject","@id":"https:\/\/irp8.org.br\/revistarepublica\/contatos\/#primaryimage","inLanguage":"pt-BR","url":"http:\/\/irp8.org.br\/revistarepublica\/wp-content\/uploads\/2016\/04\/phone.png","contentUrl":"http:\/\/irp8.org.br\/revistarepublica\/wp-content\/uploads\/2016\/04\/phone.png"},{"@type":"WebPage","@id":"https:\/\/irp8.org.br\/revistarepublica\/contatos\/#webpage","url":"https:\/\/irp8.org.br\/revistarepublica\/contatos\/","name":"Contatos - Portal Revista Republica","isPartOf":{"@id":"https:\/\/irp8.org.br\/revistarepublica\/#website"},"primaryImageOfPage":{"@id":"https:\/\/irp8.org.br\/revistarepublica\/contatos\/#primaryimage"},"datePublished":"2016-04-08T23:50:57+00:00","dateModified":"2024-11-29T11:58:20+00:00","breadcrumb":{"@id":"https:\/\/irp8.org.br\/revistarepublica\/contatos\/#breadcrumb"},"inLanguage":"pt-BR","potentialAction":[{"@type":"ReadAction","target":["https:\/\/irp8.org.br\/revistarepublica\/contatos\/"]}]},{"@type":"BreadcrumbList","@id":"https:\/\/irp8.org.br\/revistarepublica\/contatos\/#breadcrumb","itemListElement":[{"@type":"ListItem","position":1,"name":"In\u00edcio","item":"https:\/\/irp8.org.br\/revistarepublica\/"},{"@type":"ListItem","position":2,"name":"Contatos"}]}]}},"_links":{"self":[{"href":"https:\/\/irp8.org.br\/revistarepublica\/wp-json\/wp\/v2\/pages\/856"}],"collection":[{"href":"https:\/\/irp8.org.br\/revistarepublica\/wp-json\/wp\/v2\/pages"}],"about":[{"href":"https:\/\/irp8.org.br\/revistarepublica\/wp-json\/wp\/v2\/types\/page"}],"author":[{"embeddable":true,"href":"https:\/\/irp8.org.br\/revistarepublica\/wp-json\/wp\/v2\/users\/1"}],"replies":[{"embeddable":true,"href":"https:\/\/irp8.org.br\/revistarepublica\/wp-json\/wp\/v2\/comments?post=856"}],"version-history":[{"count":27,"href":"https:\/\/irp8.org.br\/revistarepublica\/wp-json\/wp\/v2\/pages\/856\/revisions"}],"predecessor-version":[{"id":2991,"href":"https:\/\/irp8.org.br\/revistarepublica\/wp-json\/wp\/v2\/pages\/856\/revisions\/2991"}],"wp:attachment":[{"href":"https:\/\/irp8.org.br\/revistarepublica\/wp-json\/wp\/v2\/media?parent=856"}],"curies":[{"name":"wp","href":"https:\/\/api.w.org\/{rel}","templated":true}]}}